{"id":285533,"date":"2023-07-01T16:28:47","date_gmt":"2023-07-01T14:28:47","guid":{"rendered":"https:\/\/madhuhoney.shop\/produkt\/manuka-drops-mgo-800\/"},"modified":"2026-02-05T13:47:16","modified_gmt":"2026-02-05T12:47:16","slug":"manuka-drops-mgo-800","status":"publish","type":"product","link":"https:\/\/madhuhoney.shop\/en\/produkt\/manuka-drops-mgo-800\/","title":{"rendered":"Manuka Drops MGO 800+"},"content":{"rendered":"<p>Madhu Drops I M\u0101nuka treat for in between (75g)<\/p>\n<p>Madhu stands for incomparable M\u0101nuka enjoyment and innovation. MGO 800+ M\u0101nuka Drops melt slowly in the mouth and unfold a powerful M\u0101nuka honey experience with the slight spiciness of ginger root.<\/p>\n","protected":false},"excerpt":{"rendered":"<p>Our latest Drop<\/p>\n","protected":false},"featured_media":284164,"template":"","meta":{"_et_pb_use_builder":"","_et_pb_old_content":"","_et_gb_content_width":""},"product_brand":[],"product_cat":[388],"product_tag":[],"class_list":{"0":"post-285533","1":"product","2":"type-product","3":"status-publish","4":"has-post-thumbnail","6":"product_cat-nicht-kategorisiert","8":"first","9":"instock","10":"taxable","11":"shipping-taxable","12":"purchasable","13":"product-type-simple"},"_links":{"self":[{"href":"https:\/\/madhuhoney.shop\/en\/wp-json\/wp\/v2\/product\/285533","targetHints":{"allow":["GET"]}}],"collection":[{"href":"https:\/\/madhuhoney.shop\/en\/wp-json\/wp\/v2\/product"}],"about":[{"href":"https:\/\/madhuhoney.shop\/en\/wp-json\/wp\/v2\/types\/product"}],"wp:featuredmedia":[{"embeddable":true,"href":"https:\/\/madhuhoney.shop\/en\/wp-json\/wp\/v2\/media\/284164"}],"wp:attachment":[{"href":"https:\/\/madhuhoney.shop\/en\/wp-json\/wp\/v2\/media?parent=285533"}],"wp:term":[{"taxonomy":"product_brand","embeddable":true,"href":"https:\/\/madhuhoney.shop\/en\/wp-json\/wp\/v2\/product_brand?post=285533"},{"taxonomy":"product_cat","embeddable":true,"href":"https:\/\/madhuhoney.shop\/en\/wp-json\/wp\/v2\/product_cat?post=285533"},{"taxonomy":"product_tag","embeddable":true,"href":"https:\/\/madhuhoney.shop\/en\/wp-json\/wp\/v2\/product_tag?post=285533"}],"curies":[{"name":"wp","href":"https:\/\/api.w.org\/{rel}","templated":true}]}}